{"id":201,"date":"2022-01-19T18:22:04","date_gmt":"2022-01-19T17:22:04","guid":{"rendered":"http:\/\/s321838036.online.de\/?page_id=201"},"modified":"2022-01-19T18:22:05","modified_gmt":"2022-01-19T17:22:05","slug":"imprint","status":"publish","type":"page","link":"https:\/\/www.darmtherapie.de\/en\/imprint\/","title":{"rendered":"Imprint"},"content":{"rendered":"<div class=\"wpb-content-wrapper\"><p>[vc_row row_height_percent=&#8221;0&#8243; override_padding=&#8221;yes&#8221; h_padding=&#8221;2&#8243; top_padding=&#8221;4&#8243; bottom_padding=&#8221;3&#8243; overlay_alpha=&#8221;50&#8243; gutter_size=&#8221;3&#8243; column_width_percent=&#8221;100&#8243; shift_y=&#8221;0&#8243; z_index=&#8221;0&#8243;][vc_column width=&#8221;2\/3&#8243;][vc_column_text uncode_shortcode_id=&#8221;165824&#8243;]<\/p>\n<h1><span class=\"diyfeDecoration\">Imprint<\/span><\/h1>\n<p><strong>Privatpraxis f\u00fcr Naturheilverfahren<\/strong><br \/>\n<strong>Dr. Andrea Bernhard<\/strong><br \/>\nSophienstra\u00dfe 47<br \/>\n76530 Baden-Baden<\/p>\n<p><strong>Contact<\/strong><br \/>\nPhone: +49 7221 302 48 33<br \/>\nFax: +49 7221 302 48 55<\/p>\n<p><strong>Kammerzugeh\u00f6rigkeit<\/strong><br \/>\nMitglied der Landes\u00e4rztekammer Baden-W\u00fcrttemberg<br \/>\nK\u00f6rperschaft des \u00f6ffentlichen Rechts<br \/>\nJahnstra\u00dfe 40<br \/>\n70597 Stuttgart<br \/>\nPhone: +49 711 769 89 0<br \/>\nFax: +49 711 769 89 50<br \/>\nE-mail:\u00a0\u00a0 <a>info@laek-bw.de<br \/>\n<\/a>Website: <a href=\"http:\/\/www.aerztekammer-bw.de\/\">www.aerztekammer-bw.de<\/a><\/p>\n<p><strong>Berufsbezeichnung:\u00a0\u00c4rztin<\/strong><br \/>\nDie Arztbezeichnung wurde verliehen durch die Bundesrepublik Deutschland, Mitgliedsstaat der Europ\u00e4ischen Union.<\/p>\n<p><strong>Berufsordnung<br \/>\n<\/strong>Berufsordnung der Landes\u00e4rztekammer Baden W\u00fcrttemberg<\/p>\n<p><strong>Haftungshinweis:<br \/>\n<\/strong>Trotz sorf\u00e4ltiger inhaltlicher Kontrolle \u00fcbernehmen wir keine Haftung f\u00fcr die Inhalte externen Links. F\u00fcr den Inhalt der verlinkten Seiten sind ausschlie\u00dflich deren Betreiber verantwortlich.<\/p>\n<p>Deshalb distanziere ich mich hiermit ausdr\u00fccklich von allen Inhalten aller von hier aus gelinkten Sieten und mache mir diese Inhalte nicht zu Eigen.<\/p>\n<p><strong>Webdesign<\/strong><br \/>\nto design<br \/>\ncommunication made in cologne.<br \/>\n<a title=\"Webdesign K\u00f6ln\" href=\"https:\/\/www.to-design.de\/\" target=\"_blank\" rel=\"noopener noreferrer\" data-title=\"Webdesign K\u00f6ln\">www.to-design.de<\/a>[\/vc_column_text][\/vc_column][vc_column width=&#8221;1\/3&#8243;][\/vc_column][\/vc_row]<\/p>\n<\/div>","protected":false},"excerpt":{"rendered":"<p>[vc_row row_height_percent=&#8221;0&#8243; override_padding=&#8221;yes&#8221; h_padding=&#8221;2&#8243; top_padding=&#8221;4&#8243; bottom_padding=&#8221;3&#8243; overlay_alpha=&#8221;50&#8243; gutter_size=&#8221;3&#8243; column_width_percent=&#8221;100&#8243; shift_y=&#8221;0&#8243; z_index=&#8221;0&#8243;][vc_column width=&#8221;2\/3&#8243;][vc_column_text uncode_shortcode_id=&#8221;165824&#8243;] Imprint Privatpraxis f\u00fcr Naturheilverfahren Dr. Andrea Bernhard [&hellip;]<\/p>\n","protected":false},"author":1,"featured_media":0,"parent":0,"menu_order":0,"comment_status":"closed","ping_status":"open","template":"","meta":{"footnotes":""},"class_list":["post-201","page","type-page","status-publish","hentry"],"yoast_head":"<!-- This site is optimized with the Yoast SEO plugin v27.5 - https:\/\/yoast.com\/product\/yoast-seo-wordpress\/ -->\n<title>Imprint - Dr. med. Andrea Bernhard<\/title>\n<meta name=\"robots\" content=\"index, follow, max-snippet:-1, max-image-preview:large, max-video-preview:-1\" \/>\n<link rel=\"canonical\" href=\"https:\/\/www.darmtherapie.de\/impressum\/\" \/>\n<meta property=\"og:locale\" content=\"en_US\" \/>\n<meta property=\"og:type\" content=\"article\" \/>\n<meta property=\"og:title\" content=\"Imprint - Dr. med. Andrea Bernhard\" \/>\n<meta property=\"og:description\" content=\"[vc_row row_height_percent=&#8221;0&#8243; override_padding=&#8221;yes&#8221; h_padding=&#8221;2&#8243; top_padding=&#8221;4&#8243; bottom_padding=&#8221;3&#8243; overlay_alpha=&#8221;50&#8243; gutter_size=&#8221;3&#8243; column_width_percent=&#8221;100&#8243; shift_y=&#8221;0&#8243; z_index=&#8221;0&#8243;][vc_column width=&#8221;2\/3&#8243;][vc_column_text uncode_shortcode_id=&#8221;165824&#8243;] Imprint Privatpraxis f\u00fcr Naturheilverfahren Dr. Andrea Bernhard [&hellip;]\" \/>\n<meta property=\"og:url\" content=\"https:\/\/www.darmtherapie.de\/impressum\/\" \/>\n<meta property=\"og:site_name\" content=\"Dr. med. Andrea Bernhard\" \/>\n<meta property=\"article:modified_time\" content=\"2022-01-19T17:22:05+00:00\" \/>\n<meta name=\"twitter:card\" content=\"summary_large_image\" \/>\n<meta name=\"twitter:label1\" content=\"Est. reading time\" \/>\n\t<meta name=\"twitter:data1\" content=\"1 minute\" \/>\n<script type=\"application\/ld+json\" class=\"yoast-schema-graph\">{\"@context\":\"https:\\\/\\\/schema.org\",\"@graph\":[{\"@type\":\"WebPage\",\"@id\":\"https:\\\/\\\/www.darmtherapie.de\\\/impressum\\\/\",\"url\":\"https:\\\/\\\/www.darmtherapie.de\\\/impressum\\\/\",\"name\":\"Imprint - Dr. med. Andrea Bernhard\",\"isPartOf\":{\"@id\":\"https:\\\/\\\/www.darmtherapie.de\\\/#website\"},\"datePublished\":\"2022-01-19T17:22:04+00:00\",\"dateModified\":\"2022-01-19T17:22:05+00:00\",\"breadcrumb\":{\"@id\":\"https:\\\/\\\/www.darmtherapie.de\\\/impressum\\\/#breadcrumb\"},\"inLanguage\":\"en-US\",\"potentialAction\":[{\"@type\":\"ReadAction\",\"target\":[\"https:\\\/\\\/www.darmtherapie.de\\\/impressum\\\/\"]}]},{\"@type\":\"BreadcrumbList\",\"@id\":\"https:\\\/\\\/www.darmtherapie.de\\\/impressum\\\/#breadcrumb\",\"itemListElement\":[{\"@type\":\"ListItem\",\"position\":1,\"name\":\"Startseite\",\"item\":\"https:\\\/\\\/www.darmtherapie.de\\\/en\\\/\"},{\"@type\":\"ListItem\",\"position\":2,\"name\":\"Imprint\"}]},{\"@type\":\"WebSite\",\"@id\":\"https:\\\/\\\/www.darmtherapie.de\\\/#website\",\"url\":\"https:\\\/\\\/www.darmtherapie.de\\\/\",\"name\":\"Dr. med. Andrea Bernhard\",\"description\":\"Privatpraxis f\u00fcr Naturheilverfahren\",\"publisher\":{\"@id\":\"https:\\\/\\\/www.darmtherapie.de\\\/#organization\"},\"potentialAction\":[{\"@type\":\"SearchAction\",\"target\":{\"@type\":\"EntryPoint\",\"urlTemplate\":\"https:\\\/\\\/www.darmtherapie.de\\\/?s={search_term_string}\"},\"query-input\":{\"@type\":\"PropertyValueSpecification\",\"valueRequired\":true,\"valueName\":\"search_term_string\"}}],\"inLanguage\":\"en-US\"},{\"@type\":\"Organization\",\"@id\":\"https:\\\/\\\/www.darmtherapie.de\\\/#organization\",\"name\":\"Dr. med. Andrea Bernhard Privatpraxis f\u00fcr Naturheilverfahren\",\"url\":\"https:\\\/\\\/www.darmtherapie.de\\\/\",\"logo\":{\"@type\":\"ImageObject\",\"inLanguage\":\"en-US\",\"@id\":\"https:\\\/\\\/www.darmtherapie.de\\\/#\\\/schema\\\/logo\\\/image\\\/\",\"url\":\"https:\\\/\\\/www.darmtherapie.de\\\/wp-content\\\/uploads\\\/2019\\\/12\\\/logo-rgb-web.svg\",\"contentUrl\":\"https:\\\/\\\/www.darmtherapie.de\\\/wp-content\\\/uploads\\\/2019\\\/12\\\/logo-rgb-web.svg\",\"width\":1,\"height\":1,\"caption\":\"Dr. med. Andrea Bernhard Privatpraxis f\u00fcr Naturheilverfahren\"},\"image\":{\"@id\":\"https:\\\/\\\/www.darmtherapie.de\\\/#\\\/schema\\\/logo\\\/image\\\/\"}}]}<\/script>\n<!-- \/ Yoast SEO plugin. -->","yoast_head_json":{"title":"Imprint - Dr. med. Andrea Bernhard","robots":{"index":"index","follow":"follow","max-snippet":"max-snippet:-1","max-image-preview":"max-image-preview:large","max-video-preview":"max-video-preview:-1"},"canonical":"https:\/\/www.darmtherapie.de\/impressum\/","og_locale":"en_US","og_type":"article","og_title":"Imprint - Dr. med. Andrea Bernhard","og_description":"[vc_row row_height_percent=&#8221;0&#8243; override_padding=&#8221;yes&#8221; h_padding=&#8221;2&#8243; top_padding=&#8221;4&#8243; bottom_padding=&#8221;3&#8243; overlay_alpha=&#8221;50&#8243; gutter_size=&#8221;3&#8243; column_width_percent=&#8221;100&#8243; shift_y=&#8221;0&#8243; z_index=&#8221;0&#8243;][vc_column width=&#8221;2\/3&#8243;][vc_column_text uncode_shortcode_id=&#8221;165824&#8243;] Imprint Privatpraxis f\u00fcr Naturheilverfahren Dr. Andrea Bernhard [&hellip;]","og_url":"https:\/\/www.darmtherapie.de\/impressum\/","og_site_name":"Dr. med. Andrea Bernhard","article_modified_time":"2022-01-19T17:22:05+00:00","twitter_card":"summary_large_image","twitter_misc":{"Est. reading time":"1 minute"},"schema":{"@context":"https:\/\/schema.org","@graph":[{"@type":"WebPage","@id":"https:\/\/www.darmtherapie.de\/impressum\/","url":"https:\/\/www.darmtherapie.de\/impressum\/","name":"Imprint - Dr. med. Andrea Bernhard","isPartOf":{"@id":"https:\/\/www.darmtherapie.de\/#website"},"datePublished":"2022-01-19T17:22:04+00:00","dateModified":"2022-01-19T17:22:05+00:00","breadcrumb":{"@id":"https:\/\/www.darmtherapie.de\/impressum\/#breadcrumb"},"inLanguage":"en-US","potentialAction":[{"@type":"ReadAction","target":["https:\/\/www.darmtherapie.de\/impressum\/"]}]},{"@type":"BreadcrumbList","@id":"https:\/\/www.darmtherapie.de\/impressum\/#breadcrumb","itemListElement":[{"@type":"ListItem","position":1,"name":"Startseite","item":"https:\/\/www.darmtherapie.de\/en\/"},{"@type":"ListItem","position":2,"name":"Imprint"}]},{"@type":"WebSite","@id":"https:\/\/www.darmtherapie.de\/#website","url":"https:\/\/www.darmtherapie.de\/","name":"Dr. med. Andrea Bernhard","description":"Privatpraxis f\u00fcr Naturheilverfahren","publisher":{"@id":"https:\/\/www.darmtherapie.de\/#organization"},"potentialAction":[{"@type":"SearchAction","target":{"@type":"EntryPoint","urlTemplate":"https:\/\/www.darmtherapie.de\/?s={search_term_string}"},"query-input":{"@type":"PropertyValueSpecification","valueRequired":true,"valueName":"search_term_string"}}],"inLanguage":"en-US"},{"@type":"Organization","@id":"https:\/\/www.darmtherapie.de\/#organization","name":"Dr. med. Andrea Bernhard Privatpraxis f\u00fcr Naturheilverfahren","url":"https:\/\/www.darmtherapie.de\/","logo":{"@type":"ImageObject","inLanguage":"en-US","@id":"https:\/\/www.darmtherapie.de\/#\/schema\/logo\/image\/","url":"https:\/\/www.darmtherapie.de\/wp-content\/uploads\/2019\/12\/logo-rgb-web.svg","contentUrl":"https:\/\/www.darmtherapie.de\/wp-content\/uploads\/2019\/12\/logo-rgb-web.svg","width":1,"height":1,"caption":"Dr. med. Andrea Bernhard Privatpraxis f\u00fcr Naturheilverfahren"},"image":{"@id":"https:\/\/www.darmtherapie.de\/#\/schema\/logo\/image\/"}}]}},"_links":{"self":[{"href":"https:\/\/www.darmtherapie.de\/en\/wp-json\/wp\/v2\/pages\/201","targetHints":{"allow":["GET"]}}],"collection":[{"href":"https:\/\/www.darmtherapie.de\/en\/wp-json\/wp\/v2\/pages"}],"about":[{"href":"https:\/\/www.darmtherapie.de\/en\/wp-json\/wp\/v2\/types\/page"}],"author":[{"embeddable":true,"href":"https:\/\/www.darmtherapie.de\/en\/wp-json\/wp\/v2\/users\/1"}],"replies":[{"embeddable":true,"href":"https:\/\/www.darmtherapie.de\/en\/wp-json\/wp\/v2\/comments?post=201"}],"version-history":[{"count":4,"href":"https:\/\/www.darmtherapie.de\/en\/wp-json\/wp\/v2\/pages\/201\/revisions"}],"predecessor-version":[{"id":576,"href":"https:\/\/www.darmtherapie.de\/en\/wp-json\/wp\/v2\/pages\/201\/revisions\/576"}],"wp:attachment":[{"href":"https:\/\/www.darmtherapie.de\/en\/wp-json\/wp\/v2\/media?parent=201"}],"curies":[{"name":"wp","href":"https:\/\/api.w.org\/{rel}","templated":true}]}}